{"id":126,"date":"2016-03-09T14:55:29","date_gmt":"2016-03-09T13:55:29","guid":{"rendered":"http:\/\/wordpress.selbstmotivation.de\/?page_id=126"},"modified":"2016-05-24T17:02:54","modified_gmt":"2016-05-24T15:02:54","slug":"willkommen-bei-reinhold-stritzelberger","status":"publish","type":"page","link":"https:\/\/wordpress.selbstmotivation.de\/index.php\/willkommen-bei-reinhold-stritzelberger\/","title":{"rendered":"Ganz herzlich willkommen bei RS-Training und \u201eDauerhafte Selbstmotivation\u201c"},"content":{"rendered":"<p>\u201eDauerhafte Selbstmotivation\u201c ist ein Trainingskonzept, das Reinhold Stritzelberger entwickelt und in vielen Unternehmen sowie offenen Seminaren erfolgreich und mit messbaren, signifikanten Steigerungsraten durchgef\u00fchrt hat.<\/p>\n<p>Von Impuls-Vortr\u00e4gen \u00fcber Seminare\/Trainings\/Workshops bis hin zu Einzelcoachings und mehrmodulige Ma\u00dfnahmen steht Ihnen die ganze Palette offen, um Ihr Unternehmen nach vorn zu bringen.<br \/>\nDenn: Selbstmotivation bei Mitarbeitern und F\u00fchrungskr\u00e4ften l\u00e4sst sich steigern. Auch unter widrigen Umst\u00e4nden. In jedem Unternehmen, jeder Abteilung, bei jedem Mitarbeiter funktioniert das unterschiedlich, aber basierend auf den identischen Gesetzm\u00e4\u00dfigkeiten. Eine Steigerung der Selbstmotivation im Unternehmen klappt also nicht auf Knopfdruck und schon gar nicht auf die plumpe Art \u2013 aber es geht, wenn man wei\u00df, welche Stellschrauben man ansetzen muss.<\/p>\n<p>Versprochen.<\/p>\n<p>Wahrscheinlich finden Sie in Deutschland keinen gestandneren Experten zum Thema Selbstmotivation \u2013 zusammen mit einem bew\u00e4hrten und wirksamen Konzept steigern wir gemeinsam Ihren unternehmerischen und pers\u00f6nlichen Erfolg! Nicht umsonst nennt mich die ARD \u201eDeutschlands Experte f\u00fcr Selbstmotivation\u201c.<\/p>\n<p>Der erste Schritt ist naturgem\u00e4\u00df der schwerste \u2013 dennoch: Bitte melden Sie sich. Vereinbaren Sie ein unverbindliches Gespr\u00e4ch.<\/p>\n<p>Ich freue mich auf Sie.<\/p>\n<p>Ihr<\/p>\n<p>Reinhold Stritzelberger<\/p>\n","protected":false},"excerpt":{"rendered":"<p>\u201eDauerhafte Selbstmotivation\u201c ist ein Trainingskonzept, das Reinhold Stritzelberger entwickelt und in vielen Unternehmen sowie offenen Seminaren erfolgreich und mit messbaren, signifikanten Steigerungsraten durchgef\u00fchrt hat. Von Impuls-Vortr\u00e4gen \u00fcber Seminare\/Trainings\/Workshops bis hin zu Einzelcoachings und mehrmodulige Ma\u00dfnahmen steht Ihnen die ganze Palette<\/p>\n","protected":false},"author":1,"featured_media":0,"parent":0,"menu_order":0,"comment_status":"closed","ping_status":"closed","template":"","meta":[],"_links":{"self":[{"href":"https:\/\/wordpress.selbstmotivation.de\/index.php\/wp-json\/wp\/v2\/pages\/126"}],"collection":[{"href":"https:\/\/wordpress.selbstmotivation.de\/index.php\/wp-json\/wp\/v2\/pages"}],"about":[{"href":"https:\/\/wordpress.selbstmotivation.de\/index.php\/wp-json\/wp\/v2\/types\/page"}],"author":[{"embeddable":true,"href":"https:\/\/wordpress.selbstmotivation.de\/index.php\/wp-json\/wp\/v2\/users\/1"}],"replies":[{"embeddable":true,"href":"https:\/\/wordpress.selbstmotivation.de\/index.php\/wp-json\/wp\/v2\/comments?post=126"}],"version-history":[{"count":30,"href":"https:\/\/wordpress.selbstmotivation.de\/index.php\/wp-json\/wp\/v2\/pages\/126\/revisions"}],"predecessor-version":[{"id":239,"href":"https:\/\/wordpress.selbstmotivation.de\/index.php\/wp-json\/wp\/v2\/pages\/126\/revisions\/239"}],"wp:attachment":[{"href":"https:\/\/wordpress.selbstmotivation.de\/index.php\/wp-json\/wp\/v2\/media?parent=126"}],"curies":[{"name":"wp","href":"https:\/\/api.w.org\/{rel}","templated":true}]}}