{"id":2,"date":"2016-02-25T12:21:09","date_gmt":"2016-02-25T11:21:09","guid":{"rendered":"http:\/\/wordpress.selbstmotivation.de\/?page_id=2"},"modified":"2016-03-07T15:42:51","modified_gmt":"2016-03-07T14:42:51","slug":"beispiel-seite","status":"publish","type":"page","link":"https:\/\/wordpress.selbstmotivation.de\/index.php\/beispiel-seite\/","title":{"rendered":"Reinhold Stritzelberger"},"content":{"rendered":"<h2 class=\"entry-title\">Unternehmer &amp; Trainer<\/h2>\n<p>\u201eRS\u201c von RS-Training sind die Initialen von Reinhold Stritzelberger. Damit signalisiere ich: Mein Name steht f\u00fcr die Inhalte und die Qualit\u00e4t aller Veranstaltungen.\u00a0 Mit Qualit\u00e4t meine ich, dass in erster Linie das Ziel der Ma\u00dfnahme erreicht werden soll. Hier gilt f\u00fcr mich der Leitsatz: \u201eJe gr\u00f6\u00dfer die Einbindung der Teilnehmer, desto gr\u00f6\u00dfer die Verbindlichkeit der vereinbarten Ma\u00dfnahmen.\u201c<\/p>\n<h4>Das Unternehmen RS-Training und ich als sein Gr\u00fcnder sind spezialisiert auf das ThemaDauerhafte Selbst-Motivation und zwar in diesen drei Lebensbereichen:<\/h4>\n<ul>\n<li>Mein Leib- und Magenthema, mit dem ich im Business-Bereich unterwegs bin, ist Dauerhafte Selbst-Motivation. Dazu finden Sie auf dieser Seite alle Informationen und Beispiele \u2013 falls doch Fragen offen bleiben: rs@selbstmotivation.de<\/li>\n<li>Dauerhafte Selbst-Motivation ist allerdings nicht nur im Business der entscheidende Erfolgsfaktor, sondern auch in der Familie beziehungsweise in der Partnerschaft. Eine gelungene, dauerhafte (Liebes-) Beziehung kann man genau so lernen wie Beziehungen im Beruf. Interessiert?<\/li>\n<li>Und in welchem Bereich, der uns unser ganzes Leben begleitet, ist Dauerhafte Selbst-Motivation noch entscheidend? \u2013 Genau: beim Lernen! Lebenslanges Lernen ist f\u00fcr die meisten Menschen eine Bedrohung. Manchen macht es auch Spa\u00df und Freude. Wenn man die richtigen Techniken hat, lernt man einfach gerner.<\/li>\n<\/ul>\n<h4 style=\"text-align: center;\">Und Sie wissen ja: Wer gerner lernt, lernt leichter.<br \/>\nUnd besser. Und hat mehr Erfolg.<br \/>\nSo einfach ist das \u2013 wenn man wei\u00df, wie es geht.<\/h4>\n<h2><\/h2>\n<h2>Der Trainer<\/h2>\n<p>Hier habe ich lange nachgedacht: Was ist Ihnen bei einem Trainer am wichtigsten? Was m\u00f6chten Sie wissen? Ein Teilnehmer hat es einmal aus seiner Sicht auf den Punkt gebracht. Nach einem Training lautete sein Feedback: \u201eEndlich ein Trainer, der nicht nur was sagt, sondern einer, der wirklich was zu sagen hat.\u201c<\/p>\n<p>F\u00fcr mich ist es ein gro\u00dfes Gl\u00fcck, dass ich mich von morgens bis abends mit den Themen besch\u00e4ftigen darf, die mich brennend interessieren. Von daher bilde ich mich nat\u00fcrlich regelm\u00e4\u00dfig weiter, ver\u00f6ffentliche Beitr\u00e4ge in Fachzeitschriften und Podcasts.<\/p>\n<p>Erg\u00e4nzend: Top-Referenzen bei Klein- und Mittelstandsfirmen, Konzernen sowie im Coaching bei Gesch\u00e4ftsf\u00fchrern, Vorst\u00e4nden, Unternehmern. Lehrauftrag an diversen Dualen Hochschulen in Baden-W\u00fcrttemberg sowie am Zentrum f\u00fcr Hochschuldidaktik, Leiter der Academy of European Business Coaching, zertifizierter DVNLP-Lehrtrainer, DIN-zertfizierter Business-Coach, Diplom-Betriebswirt, ausgebildeter Redakteur usw.<\/p>\n<p>Ob diverse Aus- und Weiterbildungen einen guten Trainer\/Coach f\u00fcr Sie und Ihre Bed\u00fcrfnisse ausmachen, ist damit nicht garantiert. Das gilt es, pers\u00f6nlich herauszufinden und zu erfahren. Aber: wahrscheinlich steigen auch Sie lieber in ein Flugzeug, in dem der Kerl am Steuer eine Pilotenausbildung vorzuweisen hat \u2026<\/p>\n<p>&nbsp;<\/p>\n<h2>Der Familienmensch<\/h2>\n<p>Auf eines bin ich richtig stolz: Dass ich Beruf und Familie wunderbar vereinbaren kann (dazu k\u00f6nnen Sie auch gerne meine Frau als Zeugin befragen!). Ich liebe meine Frau und meine beiden Kinder \u2013 und auch meinen Beruf \u00fcbe ich leidenschaftlich gerne aus. Das geht vielen beruflich erfolgreichen Menschen so. Doch sind die meisten hin- und hergerissen zwischen Karriere und Familie und haben oft das Gef\u00fchl, das Eine k\u00e4me zu kurz, wenn das Andere im Vordergrund steht.<\/p>\n<p>Mein Lebensmittelpunkt ist in der N\u00e4he von Heidelberg. Wenn zwischen Familie und Beruf noch etwas passt, dann ist es Natur, ein gutes Buch und das Zusammensein mit Menschen, die ich mag.<\/p>\n","protected":false},"excerpt":{"rendered":"<p>Unternehmer &amp; Trainer \u201eRS\u201c von RS-Training sind die Initialen von Reinhold Stritzelberger. Damit signalisiere ich: Mein Name steht f\u00fcr die Inhalte und die Qualit\u00e4t aller Veranstaltungen.\u00a0 Mit Qualit\u00e4t meine ich, dass in erster Linie das Ziel der Ma\u00dfnahme erreicht werden<\/p>\n","protected":false},"author":1,"featured_media":0,"parent":0,"menu_order":5,"comment_status":"closed","ping_status":"open","template":"","meta":[],"_links":{"self":[{"href":"https:\/\/wordpress.selbstmotivation.de\/index.php\/wp-json\/wp\/v2\/pages\/2"}],"collection":[{"href":"https:\/\/wordpress.selbstmotivation.de\/index.php\/wp-json\/wp\/v2\/pages"}],"about":[{"href":"https:\/\/wordpress.selbstmotivation.de\/index.php\/wp-json\/wp\/v2\/types\/page"}],"author":[{"embeddable":true,"href":"https:\/\/wordpress.selbstmotivation.de\/index.php\/wp-json\/wp\/v2\/users\/1"}],"replies":[{"embeddable":true,"href":"https:\/\/wordpress.selbstmotivation.de\/index.php\/wp-json\/wp\/v2\/comments?post=2"}],"version-history":[{"count":11,"href":"https:\/\/wordpress.selbstmotivation.de\/index.php\/wp-json\/wp\/v2\/pages\/2\/revisions"}],"predecessor-version":[{"id":59,"href":"https:\/\/wordpress.selbstmotivation.de\/index.php\/wp-json\/wp\/v2\/pages\/2\/revisions\/59"}],"wp:attachment":[{"href":"https:\/\/wordpress.selbstmotivation.de\/index.php\/wp-json\/wp\/v2\/media?parent=2"}],"curies":[{"name":"wp","href":"https:\/\/api.w.org\/{rel}","templated":true}]}}