{"id":32,"date":"2016-03-07T14:49:23","date_gmt":"2016-03-07T13:49:23","guid":{"rendered":"http:\/\/wordpress.selbstmotivation.de\/?page_id=32"},"modified":"2016-05-11T12:59:21","modified_gmt":"2016-05-11T10:59:21","slug":"was-bekommen-sie-bei-rs-training","status":"publish","type":"page","link":"https:\/\/wordpress.selbstmotivation.de\/index.php\/dauerhafte-selbstmotivation\/was-bekommen-sie-bei-rs-training\/","title":{"rendered":"WAS f\u00fcr konkrete Ma\u00dfnahmen gibt es denn?"},"content":{"rendered":"<h2>Impulsvortrag | Workshop | Einzelcoaching<\/h2>\n<p><img decoding=\"async\" loading=\"lazy\" class=\"aligncenter size-full wp-image-221\" src=\"http:\/\/wordpress.selbstmotivation.de\/wp-content\/uploads\/2016\/03\/Fotolia_40377413-1500px.jpg\" alt=\"Impulse geben und Aktionen initiieren mit Reinhold Stritzelberger und RS-Training\" width=\"1500\" height=\"502\" srcset=\"https:\/\/wordpress.selbstmotivation.de\/wp-content\/uploads\/2016\/03\/Fotolia_40377413-1500px.jpg 1500w, https:\/\/wordpress.selbstmotivation.de\/wp-content\/uploads\/2016\/03\/Fotolia_40377413-1500px-300x100.jpg 300w, https:\/\/wordpress.selbstmotivation.de\/wp-content\/uploads\/2016\/03\/Fotolia_40377413-1500px-768x257.jpg 768w, https:\/\/wordpress.selbstmotivation.de\/wp-content\/uploads\/2016\/03\/Fotolia_40377413-1500px-1024x343.jpg 1024w\" sizes=\"(max-width: 1500px) 100vw, 1500px\" \/><\/p>\n<p>Sollten Sie \u00fcber einen externen Link zuerst auf dieser Seite gelandet sein \u2013 bitte lesen Sie zuerst die Zeilen unter \u201eWARUM\u201c beziehungsweise \u201eWIE\u201c \u2013 dort steht, inwiefern sich mein Angebot von dem anderer Anbieter unterscheidet. Rein von der hier angef\u00fchrten Beschreibung lie\u00dfe sich das sonst kaum erkennen:<\/p>\n<h3>Impuls-Vortrag<\/h3>\n<ul>\n<li>Nach Ihrer gew\u00fcnschten Ausrichtung: von einer halben Stunde bis zu einem halben Tag: Selbstmotivation pur. Viel Selbsterkenntnis, viele Aha-Erlebnisse, Lachen, Nachdenken, etwas \u00e4ndern wollen.<\/li>\n<\/ul>\n<h3>Seminar | Training | Workshop<\/h3>\n<ul>\n<li>Individuell nach Bedarfslage: Meist zweit\u00e4gige Ma\u00dfnahme mit Basis-F\u00e4higkeiten und konkreter betrieblicher Ausrichtung. Im Idealfall mit Follow-up-Tag zur weiteren Transfersicherung. Hebt sp\u00fcrbar die Selbstmotivation der Teilnehmer und weist einen hohen Durchdringungsgrad auf.<\/li>\n<\/ul>\n<h3>Mehrmodulige Ma\u00dfnahmen<\/h3>\n<ul>\n<li>Oft steht \u201eDauerhafte Selbstmotivation\u201c nicht als stand-alone-Ma\u00dfnahme im Raum, sondern ist eingebettet in ein aufeinander aufbauendes Konzept. Die einzelnen Bausteine variieren. Integriert wird des \u00d6fteren Teamf\u00fchrung, Mitarbeitermotivation, Projektmanagement, \u00fcberzeugend \/ motivierend pr\u00e4sentieren usw. integriert. Hierf\u00fcr arbeite ich seit vielen Jahren mit ausgewiesenen Experten zusammen. Gerne mehr im Gespr\u00e4ch.<\/li>\n<\/ul>\n<h3>Einzel-Coaching<\/h3>\n<ul>\n<li>Ohne Frage: die intensivste und sicherste Ma\u00dfnahme f\u00fcr Umsetzungserfolg. Aber eben auch die teuerste und in den meisten Unternehmen die nur f\u00fcr F\u00fchrungskr\u00e4fte angewandte Alternative. Nat\u00fcrlich ist Coaching immer Hilfe zur Selbsthilfe. Ganz im Sinne von Ralph Wald Emerson, der einmal sagte: \u201eWessen wir am meisten im Leben bed\u00fcrfen ist jemand, der uns dazu bringt, das zu tun, wozu wir f\u00e4hig sind.\u201c<\/li>\n<li>Als Warnung: Fast jeder Wald- und Wiesentrainer behauptet, er k\u00f6nne (gut) coachen. Die wenigsten machen das professionell. Entlarven Sie solche Hochstapler mit der Frage: \u201eWie messen Sie ganz konkret den Erfolg eines Coachings?\u201c<\/li>\n<li>Zu meiner eigenen Coaching-Kompetenz (die eine stark abweichende ist von der, Seminare zu geben): Erfahrung seit 12 Jahren in allen F\u00fchrungsebenen; DIN-zertifizierter Business-Coach mit der Lizenznummer 007; etliche Jahre in der Direktion eines hochkar\u00e4tigen deutschen Coaching-Instituts zust\u00e4ndig f\u00fcr Qualit\u00e4tssicherung und \u2013Entwicklung in den Ausbildungen der Coachs.<\/li>\n<\/ul>\n<p>Bei allen Ma\u00dfnahmen k\u00f6nnen Sie sich darauf verlassen, dass ich mein Bestes geben werde. Bislang hat das immer zu herausragenden Ergebnissen gef\u00fchrt.<\/p>\n<p><a href=\"http:\/\/wordpress.selbstmotivation.de\/index.php\/dauerhafte-selbstmotivation\/warum-ich-nur-ein-thema-anbiete\/\">WARUM gibt es diese Trainingsma\u00dfnahmen?<\/a><br \/>\n<a href=\"http:\/\/wordpress.selbstmotivation.de\/index.php\/dauerhafte-selbstmotivation\/wie-arbeite-ich\/\">WIE laufen diese Trainingsma\u00dfnahmen ab?<\/a><\/p>\n","protected":false},"excerpt":{"rendered":"<h2>Impulsvortrag | Workshop | Einzelcoaching<\/h2>\n","protected":false},"author":1,"featured_media":220,"parent":30,"menu_order":3,"comment_status":"closed","ping_status":"closed","template":"","meta":[],"_links":{"self":[{"href":"https:\/\/wordpress.selbstmotivation.de\/index.php\/wp-json\/wp\/v2\/pages\/32"}],"collection":[{"href":"https:\/\/wordpress.selbstmotivation.de\/index.php\/wp-json\/wp\/v2\/pages"}],"about":[{"href":"https:\/\/wordpress.selbstmotivation.de\/index.php\/wp-json\/wp\/v2\/types\/page"}],"author":[{"embeddable":true,"href":"https:\/\/wordpress.selbstmotivation.de\/index.php\/wp-json\/wp\/v2\/users\/1"}],"replies":[{"embeddable":true,"href":"https:\/\/wordpress.selbstmotivation.de\/index.php\/wp-json\/wp\/v2\/comments?post=32"}],"version-history":[{"count":14,"href":"https:\/\/wordpress.selbstmotivation.de\/index.php\/wp-json\/wp\/v2\/pages\/32\/revisions"}],"predecessor-version":[{"id":222,"href":"https:\/\/wordpress.selbstmotivation.de\/index.php\/wp-json\/wp\/v2\/pages\/32\/revisions\/222"}],"up":[{"embeddable":true,"href":"https:\/\/wordpress.selbstmotivation.de\/index.php\/wp-json\/wp\/v2\/pages\/30"}],"wp:featuredmedia":[{"embeddable":true,"href":"https:\/\/wordpress.selbstmotivation.de\/index.php\/wp-json\/wp\/v2\/media\/220"}],"wp:attachment":[{"href":"https:\/\/wordpress.selbstmotivation.de\/index.php\/wp-json\/wp\/v2\/media?parent=32"}],"curies":[{"name":"wp","href":"https:\/\/api.w.org\/{rel}","templated":true}]}}