{"id":36,"date":"2016-03-07T14:52:51","date_gmt":"2016-03-07T13:52:51","guid":{"rendered":"http:\/\/wordpress.selbstmotivation.de\/?page_id=36"},"modified":"2016-05-11T13:00:53","modified_gmt":"2016-05-11T11:00:53","slug":"warum-ich-nur-ein-thema-anbiete","status":"publish","type":"page","link":"https:\/\/wordpress.selbstmotivation.de\/index.php\/dauerhafte-selbstmotivation\/warum-ich-nur-ein-thema-anbiete\/","title":{"rendered":"WARUM gibt es diese Trainingsma\u00dfnahmen?"},"content":{"rendered":"<h2>\u00dcberzegung | Werte | Philosophie<\/h2>\n<p><img decoding=\"async\" loading=\"lazy\" class=\"aligncenter size-full wp-image-223\" src=\"http:\/\/wordpress.selbstmotivation.de\/wp-content\/uploads\/2016\/03\/Fotolia_41805024-1500px.jpg\" alt=\"Impulse geben und Aktionen initiieren mit Reinhold Stritzelberger und RS-Training\" width=\"1500\" height=\"501\" srcset=\"https:\/\/wordpress.selbstmotivation.de\/wp-content\/uploads\/2016\/03\/Fotolia_41805024-1500px.jpg 1500w, https:\/\/wordpress.selbstmotivation.de\/wp-content\/uploads\/2016\/03\/Fotolia_41805024-1500px-300x100.jpg 300w, https:\/\/wordpress.selbstmotivation.de\/wp-content\/uploads\/2016\/03\/Fotolia_41805024-1500px-768x257.jpg 768w, https:\/\/wordpress.selbstmotivation.de\/wp-content\/uploads\/2016\/03\/Fotolia_41805024-1500px-1024x342.jpg 1024w\" sizes=\"(max-width: 1500px) 100vw, 1500px\" \/><\/p>\n<p>Die folgenden Zeilen sind nicht \u00fcblich auf einer Homepage. Mir sind die Aussagen jedoch immens wichtig. Vielleicht sind es meine tiefest gehenden Aussagen auf dieser gesamten Homepage.<\/p>\n<p>Es geht darum, warum Sie hier die beschriebenen Angebote finden und warum ich das \u00fcberhaupt mache.<\/p>\n<p>Die folgenden Aussagen sind sehr pers\u00f6nlich und stellen die Grundlage meiner gesamten Arbeit dar \u2013 bei einer m\u00f6glichen Zusammenarbeit auch in Ihrem Unternehmen.<\/p>\n<h3>Grunds\u00e4tze von RS-Training, Reinhold Stritzelberger<\/h3>\n<p><strong>Ich bin davon \u00fcberzeugt, dass &#8230;<br \/>\n<\/strong><\/p>\n<ul>\n<li>&#8230; jeder Mitarbeiter, jede F\u00fchrungskraft gute Arbeit leisten will. Das bedeutet: Selbstmotivation ist prinzipiell vorhanden. Nur ist es damit (leider) nicht getan. Die meisten Menschen wollen beispielsweise auch schlanker sein, weniger fernsehen und sich mehr bewegen. Klappt ebenfalls nicht immer. Es fehlt ein entscheidender Schritt, um vom Wissen ins Handeln zu kommen. Nichtsdestotrotz m\u00f6chte ich nochmals betonen: Selbstmotivation ist vorhanden. Nur an der Umsetzung, beziehungsweise der Richtung hapert es.<\/li>\n<li>&#8230; unser Grad an Selbstmotivation bestimmt, wie erfolgreich ein Mitarbeiter oder eine F\u00fchrungskraft ist \u2013 oder auch nicht. Er kann an einer Sache dranbleiben. Oder aufgeben. Er kann nach dem dritten Versuch das Handtuch werfen. Oder er versucht es ein viertes, ein f\u00fcnftes, ein f\u00fcnfzehntes Mal. Er wei\u00df ganz genau, welche Vorgehensweise erfolgreicher ist. Nur, was hindert uns daran, es immer und immer wieder zu versuchen? Nichts? Doch &#8211; nat\u00fcrlich: mangelnde Selbstmotivation. Und die gehen wir an.<\/li>\n<li>&#8230; wir unseren Grad an Motivation zu 100% selbst steuern k\u00f6nnen. Wer glaubt, seine Motivation w\u00e4re von \u00e4u\u00dferen Umst\u00e4nden abh\u00e4ngig, der irrt. Die Art und Weise, wie wir denken, motiviert uns tausendfach mehr als jede Gehalterh\u00f6hung \u2013 zumindest langfristig. Unsere Selbstmotivation h\u00e4ngt nie davon ab, was wir haben oder welche Umst\u00e4nde herrschen. Au\u00dfer, wir lassen das zu.<\/li>\n<li>&#8230; herausragende Leistungen ausschlie\u00dflich mit einem hohen Grad an Selbstmotivation m\u00f6glich sind. Diese Ergebnisse, die guten (Arbeits-) Leistungen steigern die Selbstachtung sowie das Selbstwertgef\u00fchl des Einzelnen.<\/li>\n<li>&#8230; man sich f\u00fcr ein selbstmotiviertes Leben und Arbeiten frei entscheiden kann.<\/li>\n<li>&#8230; Selbstmotivation nicht genetisch bedingt ist. Dahinter steckt ein Prozess mit einzelnen Schritten und Methoden, und nat\u00fcrlich kann man die lernen und trainieren. Das ist wie beispielsweise Klavier oder Tennis spielen zu lernen. Psychologen best\u00e4tigten stets aufs Neue empirisch, dass sich Selbstmotivation und Umsetzungskompetenz trainieren lassen.<\/li>\n<li>&#8230; ein (Arbeits-) Leben voller Selbstmotivation mehr Spa\u00df macht, ges\u00fcnder und in allen Bereichen erfolgreicher ist als eines auf einem niedrigeren Level. Die Abteilung arbeitet dynamischer und harmonischer zusammen, schwierige Zeiten werden leichter durchstanden, Fehltage werden reduziert, die Produktivit\u00e4t insgesamt steigt.<\/li>\n<li>&#8230; ein extrem nachhaltigen Praxistransfer machbar ist. Auch das gro\u00dfartigste Seminar ist f\u00fcr ein Unternehmen so gut wie wertlos, wenn kaum etwas davon in den Arbeitsalltag \u00fcbertragen wird. Ich lege auf diesen Transfer stets den allergr\u00f6\u00dften Wert. Genau deshalb bin ich bei Ihrer pers\u00f6nlichen Selbstmotivation so pedantisch. Die Konzeption von Seminaren nehme ich immer r\u00fcckw\u00e4rts vom Ziel vor. Meist hei\u00dft das \u00fcbergeordnete Ziel, wichtige Inhalte messbar in den Berufsalltag umzusetzen. Dann geht es darum, diese zu definieren, und zu \u00fcberlegen, wie sich der Transfer am besten bewerkstelligen und messen l\u00e4sst. Dieser Prozess setzt weit vor dem Training an und h\u00f6rt mit dem Ende der Veranstaltung noch lange nicht auf. Sprechen sie mich darauf an und lassen sie uns gemeinsam \u00fcberlegen, welche Umsetzungsma\u00dfnahmen die entscheidenden sind.<\/li>\n<\/ul>\n<p>Vielleicht k\u00f6nnen Sie nach einer solchen Ma\u00dfnahme gemeinsam mit Ihrem Team und frei nach dem bekannten Regisseur Christoph Maria Schlingensief ausrufen: \u201eIm Unternehmen kann man so viel machen, das ist doch ein sensationeller Ort!\u201c<\/p>\n<p>Wenn es Sie nach diesen \u2013 fast schon &#8230; Zeilen \u2013 interessiert, wie ich die Umsetzung angehe und was ich dazu anbiete, schauen Sie hier:<\/p>\n<p><a href=\"http:\/\/wordpress.selbstmotivation.de\/index.php\/dauerhafte-selbstmotivation\/wie-arbeite-ich\/\">WIE laufen diese Trainingsma\u00dfnahmen ab?<\/a><br \/>\n<a href=\"http:\/\/wordpress.selbstmotivation.de\/index.php\/dauerhafte-selbstmotivation\/was-bekommen-sie-bei-rs-training\/\">WAS f\u00fcr konkrete Ma\u00dfnahmen gibt es denn?<\/a><\/p>\n","protected":false},"excerpt":{"rendered":"<h2>\u00dcberzegung | Werte | Philosophie<\/h2>\n","protected":false},"author":1,"featured_media":216,"parent":30,"menu_order":2,"comment_status":"closed","ping_status":"closed","template":"","meta":[],"_links":{"self":[{"href":"https:\/\/wordpress.selbstmotivation.de\/index.php\/wp-json\/wp\/v2\/pages\/36"}],"collection":[{"href":"https:\/\/wordpress.selbstmotivation.de\/index.php\/wp-json\/wp\/v2\/pages"}],"about":[{"href":"https:\/\/wordpress.selbstmotivation.de\/index.php\/wp-json\/wp\/v2\/types\/page"}],"author":[{"embeddable":true,"href":"https:\/\/wordpress.selbstmotivation.de\/index.php\/wp-json\/wp\/v2\/users\/1"}],"replies":[{"embeddable":true,"href":"https:\/\/wordpress.selbstmotivation.de\/index.php\/wp-json\/wp\/v2\/comments?post=36"}],"version-history":[{"count":30,"href":"https:\/\/wordpress.selbstmotivation.de\/index.php\/wp-json\/wp\/v2\/pages\/36\/revisions"}],"predecessor-version":[{"id":224,"href":"https:\/\/wordpress.selbstmotivation.de\/index.php\/wp-json\/wp\/v2\/pages\/36\/revisions\/224"}],"up":[{"embeddable":true,"href":"https:\/\/wordpress.selbstmotivation.de\/index.php\/wp-json\/wp\/v2\/pages\/30"}],"wp:featuredmedia":[{"embeddable":true,"href":"https:\/\/wordpress.selbstmotivation.de\/index.php\/wp-json\/wp\/v2\/media\/216"}],"wp:attachment":[{"href":"https:\/\/wordpress.selbstmotivation.de\/index.php\/wp-json\/wp\/v2\/media?parent=36"}],"curies":[{"name":"wp","href":"https:\/\/api.w.org\/{rel}","templated":true}]}}