{"id":60,"date":"2016-03-07T15:36:47","date_gmt":"2016-03-07T14:36:47","guid":{"rendered":"http:\/\/wordpress.selbstmotivation.de\/?page_id=60"},"modified":"2016-05-11T13:10:38","modified_gmt":"2016-05-11T11:10:38","slug":"kontakt","status":"publish","type":"page","link":"https:\/\/wordpress.selbstmotivation.de\/index.php\/kontakt\/","title":{"rendered":"Kontakt"},"content":{"rendered":"<p>Sch\u00f6n, dass Sie mit mir Kontakt aufnehmen wollen! Sie haben Fragen, m\u00f6chten mir etwas mitteilen? Dann f\u00fcllen Sie am besten alle Felder im Kontaktformular aus, so kann ich Ihnen schnell, einfach und korrekt antworten. Ihre Daten behandle ich selbstverst\u00e4ndlich streng vertraulich und gebe sie auch nicht an Dritte weiter.<\/p>\n<p>Ich freue mich, von Ihnen zu lesen.<\/p>\n<p>Reinhold Stritzelberger<br \/>\nVon-Zyllnhardt-Stra\u00dfe 15-17<br \/>\n69256 Mauer<br \/>\nTelefon: 0049 (0) 6226 789 112<br \/>\nTelfax: 0049 (0) 6226 789 113<br \/>\nMobil: 0049 (0) 173 9 734 918<br \/>\nMail: rs@selbstmotivation.de<\/p>\n","protected":false},"excerpt":{"rendered":"<p>Sch\u00f6n, dass Sie mit mir Kontakt aufnehmen wollen! Sie haben Fragen, m\u00f6chten mir etwas mitteilen? Dann f\u00fcllen Sie am besten alle Felder im Kontaktformular aus, so kann ich Ihnen schnell, einfach und korrekt antworten. Ihre Daten behandle ich selbstverst\u00e4ndlich streng<\/p>\n","protected":false},"author":1,"featured_media":0,"parent":0,"menu_order":6,"comment_status":"closed","ping_status":"closed","template":"","meta":[],"_links":{"self":[{"href":"https:\/\/wordpress.selbstmotivation.de\/index.php\/wp-json\/wp\/v2\/pages\/60"}],"collection":[{"href":"https:\/\/wordpress.selbstmotivation.de\/index.php\/wp-json\/wp\/v2\/pages"}],"about":[{"href":"https:\/\/wordpress.selbstmotivation.de\/index.php\/wp-json\/wp\/v2\/types\/page"}],"author":[{"embeddable":true,"href":"https:\/\/wordpress.selbstmotivation.de\/index.php\/wp-json\/wp\/v2\/users\/1"}],"replies":[{"embeddable":true,"href":"https:\/\/wordpress.selbstmotivation.de\/index.php\/wp-json\/wp\/v2\/comments?post=60"}],"version-history":[{"count":1,"href":"https:\/\/wordpress.selbstmotivation.de\/index.php\/wp-json\/wp\/v2\/pages\/60\/revisions"}],"predecessor-version":[{"id":61,"href":"https:\/\/wordpress.selbstmotivation.de\/index.php\/wp-json\/wp\/v2\/pages\/60\/revisions\/61"}],"wp:attachment":[{"href":"https:\/\/wordpress.selbstmotivation.de\/index.php\/wp-json\/wp\/v2\/media?parent=60"}],"curies":[{"name":"wp","href":"https:\/\/api.w.org\/{rel}","templated":true}]}}